{"id":21,"date":"2025-03-03T10:29:58","date_gmt":"2025-03-03T10:29:58","guid":{"rendered":"https:\/\/praxis-lyubov-relaunch.de\/?page_id=21"},"modified":"2025-12-09T12:15:25","modified_gmt":"2025-12-09T11:15:25","slug":"imprint","status":"publish","type":"page","link":"https:\/\/lyubov-boll.de\/en\/impressum\/","title":{"rendered":"Imprint"},"content":{"rendered":"<style>.kb-row-layout-id21_2179df-86 > .kt-row-column-wrap{align-content:start;}:where(.kb-row-layout-id21_2179df-86 > .kt-row-column-wrap) > .wp-block-kadence-column{justify-content:start;}.kb-row-layout-id21_2179df-86 > .kt-row-column-wrap{column-gap:var(--global-kb-gap-md, 2rem);row-gap:var(--global-kb-gap-md, 2rem);padding-top:var(--global-kb-spacing-xxl, 5rem);padding-bottom:var(--global-kb-spacing-sm, 1.5rem);grid-template-columns:minmax(0, 1fr);}.kb-row-layout-id21_2179df-86 > .kt-row-layout-overlay{opacity:0.30;}@media all and (max-width: 1024px){.kb-row-layout-id21_2179df-86 > .kt-row-column-wrap{grid-template-columns:minmax(0, 1fr);}}@media all and (max-width: 767px){.kb-row-layout-wrap.wp-block-kadence-rowlayout.kb-row-layout-id21_2179df-86{margin-bottom:0px;}.kb-row-layout-id21_2179df-86 > .kt-row-column-wrap{padding-bottom:0px;grid-template-columns:minmax(0, 1fr);}}<\/style><div class=\"kb-row-layout-wrap kb-row-layout-id21_2179df-86 alignnone wp-block-kadence-rowlayout\"><div class=\"kt-row-column-wrap kt-has-1-columns kt-row-layout-equal kt-tab-layout-inherit kt-mobile-layout-row kt-row-valign-top\">\n<style>.kadence-column21_deb2aa-14 > .kt-inside-inner-col,.kadence-column21_deb2aa-14 > .kt-inside-inner-col:before{border-top-left-radius:0px;border-top-right-radius:0px;border-bottom-right-radius:0px;border-bottom-left-radius:0px;}.kadence-column21_deb2aa-14 > .kt-inside-inner-col{column-gap:var(--global-kb-gap-sm, 1rem);}.kadence-column21_deb2aa-14 > .kt-inside-inner-col{flex-direction:column;}.kadence-column21_deb2aa-14 > .kt-inside-inner-col > .aligncenter{width:100%;}.kadence-column21_deb2aa-14 > .kt-inside-inner-col:before{opacity:0.3;}.kadence-column21_deb2aa-14{position:relative;}.kadence-column21_deb2aa-14, .kt-inside-inner-col > .kadence-column21_deb2aa-14:not(.specificity){margin-right:13%;margin-left:13%;}@media all and (max-width: 1024px){.kadence-column21_deb2aa-14 > .kt-inside-inner-col{flex-direction:column;justify-content:center;}}@media all and (max-width: 767px){.kadence-column21_deb2aa-14 > .kt-inside-inner-col{padding-bottom:0px;flex-direction:column;justify-content:center;}.kadence-column21_deb2aa-14, .kt-inside-inner-col > .kadence-column21_deb2aa-14:not(.specificity){margin-right:var(--global-kb-spacing-sm, 1.5rem);margin-bottom:0%;margin-left:var(--global-kb-spacing-sm, 1.5rem);}}<\/style>\n<div class=\"wp-block-kadence-column kadence-column21_deb2aa-14\"><div class=\"kt-inside-inner-col\"><style>.wp-block-kadence-advancedheading.kt-adv-heading21_db4179-12, .wp-block-kadence-advancedheading.kt-adv-heading21_db4179-12[data-kb-block=\"kb-adv-heading21_db4179-12\"]{font-size:23px;font-style:normal;}.wp-block-kadence-advancedheading.kt-adv-heading21_db4179-12 mark.kt-highlight, .wp-block-kadence-advancedheading.kt-adv-heading21_db4179-12[data-kb-block=\"kb-adv-heading21_db4179-12\"] mark.kt-highlight{font-style:normal;color:#f76a0c;-webkit-box-decoration-break:clone;box-decoration-break:clone;padding-top:0px;padding-right:0px;padding-bottom:0px;padding-left:0px;}.wp-block-kadence-advancedheading.kt-adv-heading21_db4179-12 img.kb-inline-image, .wp-block-kadence-advancedheading.kt-adv-heading21_db4179-12[data-kb-block=\"kb-adv-heading21_db4179-12\"] img.kb-inline-image{width:150px;vertical-align:baseline;}<\/style>\n<h1 class=\"kt-adv-heading21_db4179-12 wp-block-kadence-advancedheading\" data-kb-block=\"kb-adv-heading21_db4179-12\"><strong>Anbieterin dieser Internetseite gem\u00e4\u00df \u00a7 5 TMG:<\/strong><\/h1>\n\n\n<style>.wp-block-kadence-advancedheading.kt-adv-heading21_0296ac-9e, .wp-block-kadence-advancedheading.kt-adv-heading21_0296ac-9e[data-kb-block=\"kb-adv-heading21_0296ac-9e\"]{margin-bottom:0px;font-size:20px;font-style:normal;}.wp-block-kadence-advancedheading.kt-adv-heading21_0296ac-9e mark.kt-highlight, .wp-block-kadence-advancedheading.kt-adv-heading21_0296ac-9e[data-kb-block=\"kb-adv-heading21_0296ac-9e\"] mark.kt-highlight{font-style:normal;color:#f76a0c;-webkit-box-decoration-break:clone;box-decoration-break:clone;padding-top:0px;padding-right:0px;padding-bottom:0px;padding-left:0px;}.wp-block-kadence-advancedheading.kt-adv-heading21_0296ac-9e img.kb-inline-image, .wp-block-kadence-advancedheading.kt-adv-heading21_0296ac-9e[data-kb-block=\"kb-adv-heading21_0296ac-9e\"] img.kb-inline-image{width:150px;vertical-align:baseline;}<\/style>\n<h2 class=\"kt-adv-heading21_0296ac-9e wp-block-kadence-advancedheading\" data-kb-block=\"kb-adv-heading21_0296ac-9e\"><strong>Lyubov Boll<\/strong><\/h2>\n\n\n<style>.wp-block-kadence-advancedheading.kt-adv-heading21_d31b18-35, .wp-block-kadence-advancedheading.kt-adv-heading21_d31b18-35[data-kb-block=\"kb-adv-heading21_d31b18-35\"]{margin-top:0px;font-style:normal;}.wp-block-kadence-advancedheading.kt-adv-heading21_d31b18-35 mark.kt-highlight, .wp-block-kadence-advancedheading.kt-adv-heading21_d31b18-35[data-kb-block=\"kb-adv-heading21_d31b18-35\"] mark.kt-highlight{font-style:normal;color:#f76a0c;-webkit-box-decoration-break:clone;box-decoration-break:clone;padding-top:0px;padding-right:0px;padding-bottom:0px;padding-left:0px;}.wp-block-kadence-advancedheading.kt-adv-heading21_d31b18-35 img.kb-inline-image, .wp-block-kadence-advancedheading.kt-adv-heading21_d31b18-35[data-kb-block=\"kb-adv-heading21_d31b18-35\"] img.kb-inline-image{width:150px;vertical-align:baseline;}<\/style>\n<p class=\"kt-adv-heading21_d31b18-35 wp-block-kadence-advancedheading\" data-kb-block=\"kb-adv-heading21_d31b18-35\">Psychotherapeutin nach dem Heilpraktikergesetz (HeilprG) <em><br><\/em>Rosa-Luxemburg-Str. 12 16540 Hohen Neuendorf<br>Telefon: 0151-19104519<br>E-Mail: mail@lyubov-boll.de<\/p>\n\n\n<style>.wp-block-kadence-advancedheading.kt-adv-heading21_c36aa9-5f, .wp-block-kadence-advancedheading.kt-adv-heading21_c36aa9-5f[data-kb-block=\"kb-adv-heading21_c36aa9-5f\"]{margin-bottom:0px;font-size:20px;font-style:normal;}.wp-block-kadence-advancedheading.kt-adv-heading21_c36aa9-5f mark.kt-highlight, .wp-block-kadence-advancedheading.kt-adv-heading21_c36aa9-5f[data-kb-block=\"kb-adv-heading21_c36aa9-5f\"] mark.kt-highlight{font-style:normal;color:#f76a0c;-webkit-box-decoration-break:clone;box-decoration-break:clone;padding-top:0px;padding-right:0px;padding-bottom:0px;padding-left:0px;}.wp-block-kadence-advancedheading.kt-adv-heading21_c36aa9-5f img.kb-inline-image, .wp-block-kadence-advancedheading.kt-adv-heading21_c36aa9-5f[data-kb-block=\"kb-adv-heading21_c36aa9-5f\"] img.kb-inline-image{width:150px;vertical-align:baseline;}<\/style>\n<h2 class=\"kt-adv-heading21_c36aa9-5f wp-block-kadence-advancedheading\" data-kb-block=\"kb-adv-heading21_c36aa9-5f\"><strong>Zust\u00e4ndige Aufsichtsbeh\u00f6rde:<\/strong><\/h2>\n\n\n<style>.wp-block-kadence-advancedheading.kt-adv-heading21_8aa4b8-e5, .wp-block-kadence-advancedheading.kt-adv-heading21_8aa4b8-e5[data-kb-block=\"kb-adv-heading21_8aa4b8-e5\"]{font-style:normal;}.wp-block-kadence-advancedheading.kt-adv-heading21_8aa4b8-e5 mark.kt-highlight, .wp-block-kadence-advancedheading.kt-adv-heading21_8aa4b8-e5[data-kb-block=\"kb-adv-heading21_8aa4b8-e5\"] mark.kt-highlight{font-style:normal;color:#f76a0c;-webkit-box-decoration-break:clone;box-decoration-break:clone;padding-top:0px;padding-right:0px;padding-bottom:0px;padding-left:0px;}.wp-block-kadence-advancedheading.kt-adv-heading21_8aa4b8-e5 img.kb-inline-image, .wp-block-kadence-advancedheading.kt-adv-heading21_8aa4b8-e5[data-kb-block=\"kb-adv-heading21_8aa4b8-e5\"] img.kb-inline-image{width:150px;vertical-align:baseline;}<\/style>\n<p class=\"kt-adv-heading21_8aa4b8-e5 wp-block-kadence-advancedheading\" data-kb-block=\"kb-adv-heading21_8aa4b8-e5\">Gesundheitsamt Oranienburg<br>Havelstra\u00dfe 29<br>16515 Oranienburg<br><a href=\"https:\/\/www.oberhavel.de\/B%C3%BCrgerservice\/Gesundheit\/Amts%C3%A4rztlicher-Dienst-und-Gesundheitsberufe\/\" target=\"_blank\" rel=\"noreferrer noopener\">https:\/\/www.oberhavel.de<\/a><br><\/p>\n\n\n<style>.wp-block-kadence-advancedheading.kt-adv-heading21_2e81f8-51, .wp-block-kadence-advancedheading.kt-adv-heading21_2e81f8-51[data-kb-block=\"kb-adv-heading21_2e81f8-51\"]{margin-bottom:0px;font-size:20px;font-style:normal;}.wp-block-kadence-advancedheading.kt-adv-heading21_2e81f8-51 mark.kt-highlight, .wp-block-kadence-advancedheading.kt-adv-heading21_2e81f8-51[data-kb-block=\"kb-adv-heading21_2e81f8-51\"] mark.kt-highlight{font-style:normal;color:#f76a0c;-webkit-box-decoration-break:clone;box-decoration-break:clone;padding-top:0px;padding-right:0px;padding-bottom:0px;padding-left:0px;}.wp-block-kadence-advancedheading.kt-adv-heading21_2e81f8-51 img.kb-inline-image, .wp-block-kadence-advancedheading.kt-adv-heading21_2e81f8-51[data-kb-block=\"kb-adv-heading21_2e81f8-51\"] img.kb-inline-image{width:150px;vertical-align:baseline;}<\/style>\n<h2 class=\"kt-adv-heading21_2e81f8-51 wp-block-kadence-advancedheading\" data-kb-block=\"kb-adv-heading21_2e81f8-51\"><strong>Berufsrechtliche Regelungen:<\/strong><\/h2>\n\n\n<style>.wp-block-kadence-advancedheading.kt-adv-heading21_45d8f1-05, .wp-block-kadence-advancedheading.kt-adv-heading21_45d8f1-05[data-kb-block=\"kb-adv-heading21_45d8f1-05\"]{font-style:normal;}.wp-block-kadence-advancedheading.kt-adv-heading21_45d8f1-05 mark.kt-highlight, .wp-block-kadence-advancedheading.kt-adv-heading21_45d8f1-05[data-kb-block=\"kb-adv-heading21_45d8f1-05\"] mark.kt-highlight{font-style:normal;color:#f76a0c;-webkit-box-decoration-break:clone;box-decoration-break:clone;padding-top:0px;padding-right:0px;padding-bottom:0px;padding-left:0px;}.wp-block-kadence-advancedheading.kt-adv-heading21_45d8f1-05 img.kb-inline-image, .wp-block-kadence-advancedheading.kt-adv-heading21_45d8f1-05[data-kb-block=\"kb-adv-heading21_45d8f1-05\"] img.kb-inline-image{width:150px;vertical-align:baseline;}<\/style>\n<p class=\"kt-adv-heading21_45d8f1-05 wp-block-kadence-advancedheading\" data-kb-block=\"kb-adv-heading21_45d8f1-05\">Lyubov Boll f\u00fchrt die Berufsbezeichnung Heilpraktikerin, verliehen in der Bundesrepublik Deutschland.<br>Die ma\u00dfgeblichen berufsrechtlichen Regelungen sind das Heilpraktikergesetz (HeilprG) und die Erste Durchf\u00fchrungsverordnung zum Heilpraktikergesetz.<br>Diese sind einsehbar unter: <a href=\"https:\/\/www.gesetze-im-internet.de\" target=\"_blank\" rel=\"noreferrer noopener\">https:\/\/www.gesetze-im-internet.de<\/a><\/p>\n\n\n<style>.wp-block-kadence-advancedheading.kt-adv-heading21_4e0373-ed, .wp-block-kadence-advancedheading.kt-adv-heading21_4e0373-ed[data-kb-block=\"kb-adv-heading21_4e0373-ed\"]{margin-bottom:0px;font-size:20px;font-style:normal;}.wp-block-kadence-advancedheading.kt-adv-heading21_4e0373-ed mark.kt-highlight, .wp-block-kadence-advancedheading.kt-adv-heading21_4e0373-ed[data-kb-block=\"kb-adv-heading21_4e0373-ed\"] mark.kt-highlight{font-style:normal;color:#f76a0c;-webkit-box-decoration-break:clone;box-decoration-break:clone;padding-top:0px;padding-right:0px;padding-bottom:0px;padding-left:0px;}.wp-block-kadence-advancedheading.kt-adv-heading21_4e0373-ed img.kb-inline-image, .wp-block-kadence-advancedheading.kt-adv-heading21_4e0373-ed[data-kb-block=\"kb-adv-heading21_4e0373-ed\"] img.kb-inline-image{width:150px;vertical-align:baseline;}<\/style>\n<p class=\"kt-adv-heading21_4e0373-ed wp-block-kadence-advancedheading\" data-kb-block=\"kb-adv-heading21_4e0373-ed\"><strong>Inhaltlich verantwortlich gem\u00e4\u00df \u00a7 18 Abs. 2 MStV:<\/strong><\/p>\n\n\n<style>.wp-block-kadence-advancedheading.kt-adv-heading21_3a78e5-2a, .wp-block-kadence-advancedheading.kt-adv-heading21_3a78e5-2a[data-kb-block=\"kb-adv-heading21_3a78e5-2a\"]{font-style:normal;}.wp-block-kadence-advancedheading.kt-adv-heading21_3a78e5-2a mark.kt-highlight, .wp-block-kadence-advancedheading.kt-adv-heading21_3a78e5-2a[data-kb-block=\"kb-adv-heading21_3a78e5-2a\"] mark.kt-highlight{font-style:normal;color:#f76a0c;-webkit-box-decoration-break:clone;box-decoration-break:clone;padding-top:0px;padding-right:0px;padding-bottom:0px;padding-left:0px;}.wp-block-kadence-advancedheading.kt-adv-heading21_3a78e5-2a img.kb-inline-image, .wp-block-kadence-advancedheading.kt-adv-heading21_3a78e5-2a[data-kb-block=\"kb-adv-heading21_3a78e5-2a\"] img.kb-inline-image{width:150px;vertical-align:baseline;}<\/style>\n<p class=\"kt-adv-heading21_3a78e5-2a wp-block-kadence-advancedheading\" data-kb-block=\"kb-adv-heading21_3a78e5-2a\">Lyubov Boll<\/p>\n<\/div><\/div>\n\n<\/div><\/div>","protected":false},"excerpt":{"rendered":"<p>Anbieterin dieser Internetseite gem\u00e4\u00df \u00a7 5 TMG: Lyubov Boll Psychotherapeutin nach dem Heilpraktikergesetz (HeilprG) Rosa-Luxemburg-Str. 12 16540 Hohen NeuendorfTelefon: 0151-19104519E-Mail: mail@lyubov-boll.de Zust\u00e4ndige Aufsichtsbeh\u00f6rde: Gesundheitsamt OranienburgHavelstra\u00dfe 2916515 Oranienburghttps:\/\/www.oberhavel.de Berufsrechtliche Regelungen: Lyubov Boll f\u00fchrt die Berufsbezeichnung Heilpraktikerin, verliehen in der Bundesrepublik Deutschland.Die ma\u00dfgeblichen berufsrechtlichen Regelungen sind das Heilpraktikergesetz (HeilprG) und die Erste Durchf\u00fchrungsverordnung zum Heilpraktikergesetz.Diese sind einsehbar&#8230;<\/p>","protected":false},"author":1,"featured_media":0,"parent":0,"menu_order":0,"comment_status":"closed","ping_status":"closed","template":"","meta":{"_kad_post_transparent":"","_kad_post_title":"","_kad_post_layout":"","_kad_post_sidebar_id":"","_kad_post_content_style":"","_kad_post_vertical_padding":"","_kad_post_feature":"","_kad_post_feature_position":"","_kad_post_header":false,"_kad_post_footer":false,"_kad_post_classname":"","footnotes":""},"class_list":["post-21","page","type-page","status-publish","hentry"],"_links":{"self":[{"href":"https:\/\/lyubov-boll.de\/en\/wp-json\/wp\/v2\/pages\/21","targetHints":{"allow":["GET"]}}],"collection":[{"href":"https:\/\/lyubov-boll.de\/en\/wp-json\/wp\/v2\/pages"}],"about":[{"href":"https:\/\/lyubov-boll.de\/en\/wp-json\/wp\/v2\/types\/page"}],"author":[{"embeddable":true,"href":"https:\/\/lyubov-boll.de\/en\/wp-json\/wp\/v2\/users\/1"}],"replies":[{"embeddable":true,"href":"https:\/\/lyubov-boll.de\/en\/wp-json\/wp\/v2\/comments?post=21"}],"version-history":[{"count":13,"href":"https:\/\/lyubov-boll.de\/en\/wp-json\/wp\/v2\/pages\/21\/revisions"}],"predecessor-version":[{"id":5383,"href":"https:\/\/lyubov-boll.de\/en\/wp-json\/wp\/v2\/pages\/21\/revisions\/5383"}],"wp:attachment":[{"href":"https:\/\/lyubov-boll.de\/en\/wp-json\/wp\/v2\/media?parent=21"}],"curies":[{"name":"wp","href":"https:\/\/api.w.org\/{rel}","templated":true}]}}